{"id":1017,"date":"2019-01-21T09:57:48","date_gmt":"2019-01-21T08:57:48","guid":{"rendered":"https:\/\/dynamik40.de\/?page_id=1017"},"modified":"2019-01-21T10:07:37","modified_gmt":"2019-01-21T09:07:37","slug":"projekt-pragmatikk","status":"publish","type":"page","link":"https:\/\/dynamik40.de\/index.php\/projekt\/projekt-pragmatikk\/","title":{"rendered":"Projekt PragmatiKK"},"content":{"rendered":"<p>Aus der erfolgreichen Kooperation der Projektpartner im Projekt DYNAMIK 4.0 ist das Folgeprojekt PragmatiKK entstanden, in das die gesammelten Erfahrungen aus DYNAMIK 4.0 eingehen und in dem diese weiterentwickelt werden, um Sie der Zielgruppe der Kleinst- und Kleinunternehmen zug\u00e4nglich zu machen.<\/p>\n<p><strong><span style=\"color: #145e79;\">Ziel des Projekts:<\/span><\/strong><br \/>\nDas Forschungsprojekt PragmatiKK untersucht, warum Stresspr\u00e4ventionen in Kleinst- und Kleinunternehmen wenig verbreitet sind. Auf Grundlage der Ergebnisse wird ein ein kosteng\u00fcnstiges, webbasiertes Angebot zur Stresspr\u00e4vention speziell f\u00fcr diese Zielgruppe entwickelt.<br \/>\nWeitere Informationen zum Projekt finden Sie unter: <a href=\"https:\/\/stresspraevention-im-betrieb.de\">https:\/\/stresspraevention-im-betrieb.de<\/a><\/p>\n","protected":false},"excerpt":{"rendered":"<p>Aus der erfolgreichen Kooperation der Projektpartner im Projekt DYNAMIK 4.0 ist das Folgeprojekt PragmatiKK entstanden, in das die gesammelten Erfahrungen aus DYNAMIK 4.0 eingehen und in dem diese weiterentwickelt werden, [&hellip;]<\/p>\n","protected":false},"author":3,"featured_media":0,"parent":8,"menu_order":0,"comment_status":"closed","ping_status":"closed","template":"template-fullwidth.php","meta":{"footnotes":""},"class_list":["post-1017","page","type-page","status-publish","hentry","post-preview"],"_links":{"self":[{"href":"https:\/\/dynamik40.de\/index.php\/wp-json\/wp\/v2\/pages\/1017","targetHints":{"allow":["GET"]}}],"collection":[{"href":"https:\/\/dynamik40.de\/index.php\/wp-json\/wp\/v2\/pages"}],"about":[{"href":"https:\/\/dynamik40.de\/index.php\/wp-json\/wp\/v2\/types\/page"}],"author":[{"embeddable":true,"href":"https:\/\/dynamik40.de\/index.php\/wp-json\/wp\/v2\/users\/3"}],"replies":[{"embeddable":true,"href":"https:\/\/dynamik40.de\/index.php\/wp-json\/wp\/v2\/comments?post=1017"}],"version-history":[{"count":7,"href":"https:\/\/dynamik40.de\/index.php\/wp-json\/wp\/v2\/pages\/1017\/revisions"}],"predecessor-version":[{"id":1028,"href":"https:\/\/dynamik40.de\/index.php\/wp-json\/wp\/v2\/pages\/1017\/revisions\/1028"}],"up":[{"embeddable":true,"href":"https:\/\/dynamik40.de\/index.php\/wp-json\/wp\/v2\/pages\/8"}],"wp:attachment":[{"href":"https:\/\/dynamik40.de\/index.php\/wp-json\/wp\/v2\/media?parent=1017"}],"curies":[{"name":"wp","href":"https:\/\/api.w.org\/{rel}","templated":true}]}}