{"id":646,"date":"2017-11-08T16:30:42","date_gmt":"2017-11-08T15:30:42","guid":{"rendered":"https:\/\/dynamik40.de\/?page_id=646"},"modified":"2018-04-04T16:06:18","modified_gmt":"2018-04-04T14:06:18","slug":"dynamisches-system","status":"publish","type":"page","link":"https:\/\/dynamik40.de\/index.php\/dynamisches-system\/","title":{"rendered":"DYNAMIK-Websystem"},"content":{"rendered":"<h1 style=\"color: #145e79;\">Produkt &#8211; Das DYNAMIK-Websystem<\/h1>\n<p>Das DYNAMIK-Websystem ist ein webbasiertes Programm, das Unternehmen bei der Durchf\u00fchrung der Gef\u00e4hrdungsbeurteilung psychischer Belastung unterst\u00fctzt. Das Vorgehen bei der Gef\u00e4hrdungsbeurteilung psychischer Belastung (GBP) sieht vor, dass arbeitsbedingte psychische Belastungen erfasst, beurteilt sowie Ma\u00dfnahmen zu deren Optimierung entwickelt, umgesetzt und auf deren Wirksamkeit \u00fcberpr\u00fcft werden. Der Gesamtprozess ist zu dokumentieren. Dabei navigiert das Programm durch den gesamten Prozess der Gef\u00e4hrdungsbeurteilung angefangen bei der Vorbereitung, \u00fcber die Analyse, die Auswertung, die Ma\u00dfnahmenentwicklung und \u2013umsetzung sowie die Evaluation und Dokumentation von Pr\u00e4ventionsma\u00dfnahmen.<\/p>\n<p><strong><em>Unternehmensinterne Akteure<\/em><\/strong>, die mit der Durchf\u00fchrung der Gef\u00e4hrdungsbeurteilung psychischer Belastung betraut sind, erhalten im DYNAMIK-Websystem vielf\u00e4ltige Handlungshilfe und Anleitungen zu jedem Prozessschritt der Gef\u00e4hrdungsbeurteilung.<\/p>\n<p><strong><em>Besch\u00e4ftigten<\/em><\/strong> bietet das DYNAMIK-Websystem die M\u00f6glichkeit, ihren Arbeitsplatz hinsichtlich der bestehenden psychosozialen Arbeitsbedingungen zu bewerten. Ein f\u00fcr jedes Unternehmen individuell anpassbarer Online-Fragebogen erlaubt dabei eine unkomplizierte und \u00f6konomische Datenerhebung inklusive automatisierter Datenauswertung.<\/p>\n<div id=\"attachment_723\" style=\"width: 1213px\" class=\"wp-caption alignleft\"><img loading=\"lazy\" decoding=\"async\" aria-describedby=\"caption-attachment-723\" class=\"size-full wp-image-723\" src=\"https:\/\/dynamik40.de\/wp-content\/uploads\/2017\/12\/Dynamik-Kreislauf-1.jpg\" alt=\"\" width=\"1203\" height=\"1288\" \/><p id=\"caption-attachment-723\" class=\"wp-caption-text\">Abb. Das DYNAMIK-Websystem Schritt f\u00fcr Schritt<\/p><\/div>\n<h1 style=\"color: #145e79;\">Das DYNAMIK-Websystem \u2013 kurz und knapp<\/h1>\n<p><strong><em>Ganzheitlich<\/em><\/strong>: Das DYNAMIK-Websystem f\u00fchrt durch den gesamten Prozess der Gef\u00e4hrdungsbeurteilung<br \/>\n<strong><em>Theoriegeleitet<\/em><\/strong>: Theoriegeleitete Auswahl der untersuchten Belastungs- und Ressourcenbereiche<br \/>\n<strong><em>Wissenschaftlich fundiert<\/em><\/strong>: Entwicklung aller Fragen anhand wissenschaftlicher Kriterien unter Mitwirkung arbeitswissenschaftlicher Experten<br \/>\n<strong><em>Ma\u00dfgeschneidert<\/em><\/strong>: Unternehmensspezifische Zusammenstellung des Fragebogen aus gro\u00dfem Fragenpool<br \/>\n<strong><em>Sicher<\/em><\/strong>: Elaboriertes Datenschutzkonzept zur Wahrung der Anonymit\u00e4t aller Besch\u00e4ftigten<br \/>\n<strong><em>Vielseitig einsetzbar<\/em><\/strong>: Das DYNAMIK-Websystem ist prinzipiell in Unternehmen unterschiedlicher Betriebsgr\u00f6\u00dfen einsetzbar, jedoch speziell f\u00fcr KMU entwickelt<br \/>\n<strong><em>Arbeitsschutzkonform<\/em><\/strong>: Ber\u00fccksichtigung der Kriterien der Gemeinsamen deutschen Arbeitsschutzstrategie (GDA)<br \/>\n<strong><em>Selbstbestimmt<\/em><\/strong>: Das DYNAMIK-Websystem bef\u00e4higt unternehmensinterne Akteure die GBP weitgehend selbstst\u00e4ndig durchzuf\u00fchren<br \/>\n<strong><em>Umfassende Materialien<\/em><\/strong>: Vorgefertigte Anschreiben, Pr\u00e4sentationen, umfangreicher Glossar und vieles mehr<\/p>\n<p><strong>Video &#8211; Erfassung psychischer Belastungen mit dem DYNAMIK-Fragebogen<\/strong><\/p>\n<div style=\"width: 676px;\" class=\"wp-video\"><!--[if lt IE 9]><script>document.createElement('video');<\/script><![endif]-->\n<video class=\"wp-video-shortcode\" id=\"video-646-1\" width=\"676\" height=\"380\" preload=\"metadata\" controls=\"controls\"><source type=\"video\/mp4\" src=\"https:\/\/dynamik40.de\/wp-content\/uploads\/2017\/12\/Video-Erfassung-psychischer-Belastungen-mit-dem-DYNAMIK-Fragebogen.mp4?_=1\" \/><a href=\"https:\/\/dynamik40.de\/wp-content\/uploads\/2017\/12\/Video-Erfassung-psychischer-Belastungen-mit-dem-DYNAMIK-Fragebogen.mp4\">https:\/\/dynamik40.de\/wp-content\/uploads\/2017\/12\/Video-Erfassung-psychischer-Belastungen-mit-dem-DYNAMIK-Fragebogen.mp4<\/a><\/video><\/div>\n<p>&nbsp;<\/p>\n","protected":false},"excerpt":{"rendered":"<p>Produkt &#8211; Das DYNAMIK-Websystem Das DYNAMIK-Websystem ist ein webbasiertes Programm, das Unternehmen bei der Durchf\u00fchrung der Gef\u00e4hrdungsbeurteilung psychischer Belastung unterst\u00fctzt. Das Vorgehen bei der Gef\u00e4hrdungsbeurteilung psychischer Belastung (GBP) sieht vor, [&hellip;]<\/p>\n","protected":false},"author":3,"featured_media":0,"parent":0,"menu_order":0,"comment_status":"closed","ping_status":"closed","template":"template-fullwidth.php","meta":{"footnotes":""},"class_list":["post-646","page","type-page","status-publish","hentry","post-preview"],"_links":{"self":[{"href":"https:\/\/dynamik40.de\/index.php\/wp-json\/wp\/v2\/pages\/646","targetHints":{"allow":["GET"]}}],"collection":[{"href":"https:\/\/dynamik40.de\/index.php\/wp-json\/wp\/v2\/pages"}],"about":[{"href":"https:\/\/dynamik40.de\/index.php\/wp-json\/wp\/v2\/types\/page"}],"author":[{"embeddable":true,"href":"https:\/\/dynamik40.de\/index.php\/wp-json\/wp\/v2\/users\/3"}],"replies":[{"embeddable":true,"href":"https:\/\/dynamik40.de\/index.php\/wp-json\/wp\/v2\/comments?post=646"}],"version-history":[{"count":23,"href":"https:\/\/dynamik40.de\/index.php\/wp-json\/wp\/v2\/pages\/646\/revisions"}],"predecessor-version":[{"id":878,"href":"https:\/\/dynamik40.de\/index.php\/wp-json\/wp\/v2\/pages\/646\/revisions\/878"}],"wp:attachment":[{"href":"https:\/\/dynamik40.de\/index.php\/wp-json\/wp\/v2\/media?parent=646"}],"curies":[{"name":"wp","href":"https:\/\/api.w.org\/{rel}","templated":true}]}}